{"id":2721,"date":"2021-03-22T13:35:09","date_gmt":"2021-03-22T12:35:09","guid":{"rendered":"https:\/\/www.miracle-hilfe.de\/?page_id=2721"},"modified":"2026-02-09T07:18:23","modified_gmt":"2026-02-09T06:18:23","slug":"team","status":"publish","type":"page","link":"https:\/\/www.miracle-hilfe.de\/de\/team\/","title":{"rendered":"Team"},"content":{"rendered":"\t\t<div data-elementor-type=\"wp-page\" data-elementor-id=\"2721\" class=\"elementor elementor-2721\" data-elementor-post-type=\"page\">\n\t\t\t\t\t\t<section class=\"elementor-section elementor-top-section elementor-element elementor-element-7144e93 elementor-section-boxed elementor-section-height-default elementor-section-height-default\" data-id=\"7144e93\" data-element_type=\"section\" data-e-type=\"section\">\n\t\t\t\t\t\t<div class=\"elementor-container elementor-column-gap-default\">\n\t\t\t\t\t<div class=\"elementor-column elementor-col-100 elementor-top-column elementor-element elementor-element-cc250b9\" data-id=\"cc250b9\" data-element_type=\"column\" data-e-type=\"column\">\n\t\t\t<div class=\"elementor-widget-wrap elementor-element-populated\">\n\t\t\t\t\t\t<div class=\"elementor-element elementor-element-8976077 elementor-widget elementor-widget-spacer\" data-id=\"8976077\" data-element_type=\"widget\" data-e-type=\"widget\" data-widget_type=\"spacer.default\">\n\t\t\t\t<div class=\"elementor-widget-container\">\n\t\t\t\t\t\t\t<div class=\"elementor-spacer\">\n\t\t\t<div class=\"elementor-spacer-inner\"><\/div>\n\t\t<\/div>\n\t\t\t\t\t\t<\/div>\n\t\t\t\t<\/div>\n\t\t\t\t<div class=\"elementor-element elementor-element-f9175e8 elementor-widget elementor-widget-heading\" data-id=\"f9175e8\" data-element_type=\"widget\" data-e-type=\"widget\" data-widget_type=\"heading.default\">\n\t\t\t\t<div class=\"elementor-widget-container\">\n\t\t\t\t\t<h2 class=\"elementor-heading-title elementor-size-default\">Unser Team<\/h2>\t\t\t\t<\/div>\n\t\t\t\t<\/div>\n\t\t\t\t<div class=\"elementor-element elementor-element-96e0d3b elementor-widget-divider--view-line elementor-widget elementor-widget-divider\" data-id=\"96e0d3b\" data-element_type=\"widget\" data-e-type=\"widget\" data-widget_type=\"divider.default\">\n\t\t\t\t<div class=\"elementor-widget-container\">\n\t\t\t\t\t\t\t<div class=\"elementor-divider\">\n\t\t\t<span class=\"elementor-divider-separator\">\n\t\t\t\t\t\t<\/span>\n\t\t<\/div>\n\t\t\t\t\t\t<\/div>\n\t\t\t\t<\/div>\n\t\t\t\t\t<\/div>\n\t\t<\/div>\n\t\t\t\t\t<\/div>\n\t\t<\/section>\n\t\t\t\t<section class=\"elementor-section elementor-top-section elementor-element elementor-element-06b24ff elementor-section-boxed elementor-section-height-default elementor-section-height-default\" data-id=\"06b24ff\" data-element_type=\"section\" data-e-type=\"section\">\n\t\t\t\t\t\t<div class=\"elementor-container elementor-column-gap-default\">\n\t\t\t\t\t<div class=\"elementor-column elementor-col-100 elementor-top-column elementor-element elementor-element-8c9c773\" data-id=\"8c9c773\" data-element_type=\"column\" data-e-type=\"column\">\n\t\t\t<div class=\"elementor-widget-wrap elementor-element-populated\">\n\t\t\t\t\t\t<div class=\"elementor-element elementor-element-9320f75 elementor-widget elementor-widget-image\" data-id=\"9320f75\" data-element_type=\"widget\" data-e-type=\"widget\" data-widget_type=\"image.default\">\n\t\t\t\t<div class=\"elementor-widget-container\">\n\t\t\t\t\t\t\t\t\t\t\t\t\t\t\t<img fetchpriority=\"high\" decoding=\"async\" width=\"1024\" height=\"766\" src=\"https:\/\/www.miracle-hilfe.de\/wp-content\/uploads\/2021\/09\/b47668b8-0aa0-4d51-9d6d-b977cbca146e-1024x766.jpg\" class=\"attachment-large size-large wp-image-3961\" alt=\"\" srcset=\"https:\/\/www.miracle-hilfe.de\/wp-content\/uploads\/2021\/09\/b47668b8-0aa0-4d51-9d6d-b977cbca146e-1024x766.jpg 1024w, https:\/\/www.miracle-hilfe.de\/wp-content\/uploads\/2021\/09\/b47668b8-0aa0-4d51-9d6d-b977cbca146e-300x224.jpg 300w, https:\/\/www.miracle-hilfe.de\/wp-content\/uploads\/2021\/09\/b47668b8-0aa0-4d51-9d6d-b977cbca146e-768x575.jpg 768w, https:\/\/www.miracle-hilfe.de\/wp-content\/uploads\/2021\/09\/b47668b8-0aa0-4d51-9d6d-b977cbca146e-1536x1149.jpg 1536w, https:\/\/www.miracle-hilfe.de\/wp-content\/uploads\/2021\/09\/b47668b8-0aa0-4d51-9d6d-b977cbca146e.jpg 1600w\" sizes=\"(max-width: 1024px) 100vw, 1024px\" \/>\t\t\t\t\t\t\t\t\t\t\t\t\t\t\t<\/div>\n\t\t\t\t<\/div>\n\t\t\t\t\t<\/div>\n\t\t<\/div>\n\t\t\t\t\t<\/div>\n\t\t<\/section>\n\t\t\t\t<section class=\"elementor-section elementor-top-section elementor-element elementor-element-83d4add elementor-section-boxed elementor-section-height-default elementor-section-height-default\" data-id=\"83d4add\" data-element_type=\"section\" data-e-type=\"section\">\n\t\t\t\t\t\t<div class=\"elementor-container elementor-column-gap-default\">\n\t\t\t\t\t<div class=\"elementor-column elementor-col-100 elementor-top-column elementor-element elementor-element-8c3cc4e\" data-id=\"8c3cc4e\" data-element_type=\"column\" data-e-type=\"column\">\n\t\t\t<div class=\"elementor-widget-wrap elementor-element-populated\">\n\t\t\t\t\t\t<div class=\"elementor-element elementor-element-d1c6686 elementor-widget elementor-widget-text-editor\" data-id=\"d1c6686\" data-element_type=\"widget\" data-e-type=\"widget\" data-widget_type=\"text-editor.default\">\n\t\t\t\t<div class=\"elementor-widget-container\">\n\t\t\t\t\t\t\t\t\t<p style=\"font-size: 17px;\"><span style=\"font-size: 17px; color: var( --e-global-color-text );\">Der Vorstand setzt sich aus der 1. Vorsitzenden Miracle Amadi, dem 2. Vorsitzenden Claus Wotruba und dem Kassenwart Allan Bach\u00a0 zusammen. Kassenpr\u00fcfer ist Markus Bauer. Ein weiterer sehr wichtiger Unterst\u00fctzer und Berater ist Prof. Martin Schubert. Der ehrenamtlich arbeitende Vorstand trifft sich in der Regel alle zwei bis vier Wochen, um das Vorgehen des deutschen Vereins abzustimmen.<\/span><\/p><p style=\"font-size: 17px;\"><span style=\"font-size: 17px; font-style: normal;\">Die Aufgaben des Vorstands sind die Leitung und \u00dcberwachung des Vereins. Ebenso trifft er Entscheidungen, legt Ziele fest und l\u00f6st Probleme. Ebenfalls f\u00fchrt er die T\u00e4tigkeiten aus, die \u00fcber die Arbeit der ehrenamtlichen und angestellten Mitarbeiter hinausgehen.<\/span><\/p><p style=\"font-size: 17px;\">Der Kassenpr\u00fcfer pr\u00fcft nach Abschluss eines Gesch\u00e4ftsjahres die Kassenf\u00fchrung des Gesamtvorstands. Die Rechnungslegung wird durch die Steuerkanzlei Anja Schlechtendahl durchgef\u00fchrt.\u00a0<span style=\"font-size: 17px;\"><br \/><\/span><\/p><p style=\"font-size: 17px;\">Die Mitgliederversammlung stellt sicher, dass der Vorstand im Sinne des Vereinszweck handelt, und entlastet den Gesamtvorstand sowie den Kassenpr\u00fcfer j\u00e4hrlich, sofern es keine Unregelm\u00e4\u00dfigkeiten gibt.<\/p>\t\t\t\t\t\t\t\t<\/div>\n\t\t\t\t<\/div>\n\t\t\t\t<div class=\"elementor-element elementor-element-728cdf0 elementor-widget elementor-widget-heading\" data-id=\"728cdf0\" data-element_type=\"widget\" data-e-type=\"widget\" data-widget_type=\"heading.default\">\n\t\t\t\t<div class=\"elementor-widget-container\">\n\t\t\t\t\t<h2 class=\"elementor-heading-title elementor-size-default\">Gr\u00fcnderin und 1. Vorstand<\/h2>\t\t\t\t<\/div>\n\t\t\t\t<\/div>\n\t\t\t\t<div class=\"elementor-element elementor-element-359b187 elementor-widget elementor-widget-image\" data-id=\"359b187\" data-element_type=\"widget\" data-e-type=\"widget\" data-widget_type=\"image.default\">\n\t\t\t\t<div class=\"elementor-widget-container\">\n\t\t\t\t\t\t\t\t\t\t\t\t\t\t\t<img decoding=\"async\" width=\"938\" height=\"1024\" src=\"https:\/\/www.miracle-hilfe.de\/wp-content\/uploads\/2021\/04\/P1012010-2-scaled-e1710359529407-938x1024.jpg\" class=\"attachment-large size-large wp-image-3861\" alt=\"Miracle Amadi\" srcset=\"https:\/\/www.miracle-hilfe.de\/wp-content\/uploads\/2021\/04\/P1012010-2-scaled-e1710359529407-938x1024.jpg 938w, https:\/\/www.miracle-hilfe.de\/wp-content\/uploads\/2021\/04\/P1012010-2-scaled-e1710359529407-275x300.jpg 275w, https:\/\/www.miracle-hilfe.de\/wp-content\/uploads\/2021\/04\/P1012010-2-scaled-e1710359529407-768x838.jpg 768w, https:\/\/www.miracle-hilfe.de\/wp-content\/uploads\/2021\/04\/P1012010-2-scaled-e1710359529407-1407x1536.jpg 1407w, https:\/\/www.miracle-hilfe.de\/wp-content\/uploads\/2021\/04\/P1012010-2-scaled-e1710359529407.jpg 1723w\" sizes=\"(max-width: 938px) 100vw, 938px\" \/>\t\t\t\t\t\t\t\t\t\t\t\t\t\t\t<\/div>\n\t\t\t\t<\/div>\n\t\t\t\t<div class=\"elementor-element elementor-element-8a8098d elementor-widget elementor-widget-text-editor\" data-id=\"8a8098d\" data-element_type=\"widget\" data-e-type=\"widget\" data-widget_type=\"text-editor.default\">\n\t\t\t\t<div class=\"elementor-widget-container\">\n\t\t\t\t\t\t\t\t\t<div style=\"font-size:17px;\">Miracle Amadi, <strong>Gr\u00fcnderin des Vereins,<\/strong>\n<br><br><br>\n<strong>Pr\u00e4sidentin der NGO <\/strong>\n<br><br><br>\n<strong>&#8222;Miracle Amadi Foundation&#8220;, Nigeria<\/strong>\n<\/div>\t\t\t\t\t\t\t\t<\/div>\n\t\t\t\t<\/div>\n\t\t\t\t<div class=\"elementor-element elementor-element-a6b6ca9 elementor-widget elementor-widget-text-editor\" data-id=\"a6b6ca9\" data-element_type=\"widget\" data-e-type=\"widget\" data-widget_type=\"text-editor.default\">\n\t\t\t\t<div class=\"elementor-widget-container\">\n\t\t\t\t\t\t\t\t\t<p style=\"text-align: center; font-size:17px;\">&#8222;Menschen in allen L\u00e4ndern der Erde eine gute Bildung zu erm\u00f6glichen und eine lebenswerte Heimat zu bieten, ist eine unabdingbare Voraussetzung f\u00fcr eine friedliche Welt.\nAuch ein langer Weg beginnt mit einem Schritt. Daher habe ich 2007 mit dem Bau einer Schule in meiner alten Heimat, Nigeria, begonnen, um beteiligten Kindern und Jugendlichen menschliche W\u00e4rme, unsere Werte, Bildung und so die Chance auf eine lebenswerte Zukunft anzubieten.&#8220;<\/p>\t\t\t\t\t\t\t\t<\/div>\n\t\t\t\t<\/div>\n\t\t\t\t<div class=\"elementor-element elementor-element-f991d41 elementor-widget elementor-widget-heading\" data-id=\"f991d41\" data-element_type=\"widget\" data-e-type=\"widget\" data-widget_type=\"heading.default\">\n\t\t\t\t<div class=\"elementor-widget-container\">\n\t\t\t\t\t<h2 class=\"elementor-heading-title elementor-size-default\">Weiterer Vorstand<\/h2>\t\t\t\t<\/div>\n\t\t\t\t<\/div>\n\t\t\t\t\t<\/div>\n\t\t<\/div>\n\t\t\t\t\t<\/div>\n\t\t<\/section>\n\t\t\t\t<section class=\"elementor-section elementor-top-section elementor-element elementor-element-a1b3a8a elementor-section-boxed elementor-section-height-default elementor-section-height-default\" data-id=\"a1b3a8a\" data-element_type=\"section\" data-e-type=\"section\">\n\t\t\t\t\t\t<div class=\"elementor-container elementor-column-gap-default\">\n\t\t\t\t\t<div class=\"elementor-column elementor-col-100 elementor-top-column elementor-element elementor-element-99e77da\" data-id=\"99e77da\" data-element_type=\"column\" data-e-type=\"column\">\n\t\t\t<div class=\"elementor-widget-wrap elementor-element-populated\">\n\t\t\t\t\t\t<div class=\"elementor-element elementor-element-d329bcb elementor-widget elementor-widget-spacer\" data-id=\"d329bcb\" data-element_type=\"widget\" data-e-type=\"widget\" data-widget_type=\"spacer.default\">\n\t\t\t\t<div class=\"elementor-widget-container\">\n\t\t\t\t\t\t\t<div class=\"elementor-spacer\">\n\t\t\t<div class=\"elementor-spacer-inner\"><\/div>\n\t\t<\/div>\n\t\t\t\t\t\t<\/div>\n\t\t\t\t<\/div>\n\t\t\t\t<div class=\"elementor-element elementor-element-b00a751 elementor-widget elementor-widget-image\" data-id=\"b00a751\" data-element_type=\"widget\" data-e-type=\"widget\" data-widget_type=\"image.default\">\n\t\t\t\t<div class=\"elementor-widget-container\">\n\t\t\t\t\t\t\t\t\t\t\t\t\t\t\t<img decoding=\"async\" width=\"200\" height=\"250\" src=\"https:\/\/www.miracle-hilfe.de\/wp-content\/uploads\/2017\/02\/wotruba.jpg\" class=\"attachment-large size-large wp-image-1496\" alt=\"\" \/>\t\t\t\t\t\t\t\t\t\t\t\t\t\t\t<\/div>\n\t\t\t\t<\/div>\n\t\t\t\t<div class=\"elementor-element elementor-element-30d554d elementor-widget elementor-widget-text-editor\" data-id=\"30d554d\" data-element_type=\"widget\" data-e-type=\"widget\" data-widget_type=\"text-editor.default\">\n\t\t\t\t<div class=\"elementor-widget-container\">\n\t\t\t\t\t\t\t\t\t<div style=\"font-size: 17px;\">Claus Wotruba, 2. Vorstand<strong>\u00a0<\/strong><br \/><br \/>Redakteur der Mittelbayerischen Zeitung in Regensburg<br \/><br \/><br \/><p>&#8222;Jeder liebt sein Zuhause. Jeder sollte zuhause gute M\u00f6glichkeiten haben. Das beginnt mit Schule und Ausbildung und ist eine globale Sicht, die allen hilft. Miracle hat diese Sicht und vollbringt einfache Wunder. Deswegen unterst\u00fctze ich sie so gut ich kann!&#8220;<\/p><\/div>\t\t\t\t\t\t\t\t<\/div>\n\t\t\t\t<\/div>\n\t\t\t\t\t<\/div>\n\t\t<\/div>\n\t\t\t\t\t<\/div>\n\t\t<\/section>\n\t\t\t\t<section class=\"elementor-section elementor-top-section elementor-element elementor-element-80a2617 elementor-section-boxed elementor-section-height-default elementor-section-height-default\" data-id=\"80a2617\" data-element_type=\"section\" data-e-type=\"section\">\n\t\t\t\t\t\t<div class=\"elementor-container elementor-column-gap-default\">\n\t\t\t\t\t<div class=\"elementor-column elementor-col-100 elementor-top-column elementor-element elementor-element-c76a8b9\" data-id=\"c76a8b9\" data-element_type=\"column\" data-e-type=\"column\">\n\t\t\t<div class=\"elementor-widget-wrap elementor-element-populated\">\n\t\t\t\t\t\t<div class=\"elementor-element elementor-element-7bb9130 elementor-widget elementor-widget-spacer\" data-id=\"7bb9130\" data-element_type=\"widget\" data-e-type=\"widget\" data-widget_type=\"spacer.default\">\n\t\t\t\t<div class=\"elementor-widget-container\">\n\t\t\t\t\t\t\t<div class=\"elementor-spacer\">\n\t\t\t<div class=\"elementor-spacer-inner\"><\/div>\n\t\t<\/div>\n\t\t\t\t\t\t<\/div>\n\t\t\t\t<\/div>\n\t\t\t\t<div class=\"elementor-element elementor-element-57f9342 elementor-widget elementor-widget-image\" data-id=\"57f9342\" data-element_type=\"widget\" data-e-type=\"widget\" data-widget_type=\"image.default\">\n\t\t\t\t<div class=\"elementor-widget-container\">\n\t\t\t\t\t\t\t\t\t\t\t\t\t\t\t<img loading=\"lazy\" decoding=\"async\" width=\"200\" height=\"250\" src=\"https:\/\/www.miracle-hilfe.de\/wp-content\/uploads\/2021\/11\/Allan-Bach.png\" class=\"attachment-large size-large wp-image-4155\" alt=\"\" \/>\t\t\t\t\t\t\t\t\t\t\t\t\t\t\t<\/div>\n\t\t\t\t<\/div>\n\t\t\t\t<div class=\"elementor-element elementor-element-f3589ed elementor-widget elementor-widget-text-editor\" data-id=\"f3589ed\" data-element_type=\"widget\" data-e-type=\"widget\" data-widget_type=\"text-editor.default\">\n\t\t\t\t<div class=\"elementor-widget-container\">\n\t\t\t\t\t\t\t\t\t<div style=\"font-size: 17px;\">Allan Bach, <strong>Kassenwart<\/strong><\/div><p><br \/><span style=\"font-family: 'Open Sans', sans-serif; font-size: 17px; font-style: normal; font-variant-ligatures: normal; font-variant-caps: normal; font-weight: 400;\">&#8222;Mirace&#8217;s Hilfsprojekt hat mir gezeigt, dass die Welt durch N\u00e4chstenliebe jeden Tag ein wenig besser gemacht werden kann. Wir alle sind Teil von etwas Gr\u00f6\u00dferem. Denn heute liegt die Verantwortung der Welt von Morgen in unseren H\u00e4nden.&#8220;<\/span><\/p>\t\t\t\t\t\t\t\t<\/div>\n\t\t\t\t<\/div>\n\t\t\t\t\t<\/div>\n\t\t<\/div>\n\t\t\t\t\t<\/div>\n\t\t<\/section>\n\t\t\t\t<section class=\"elementor-section elementor-top-section elementor-element elementor-element-24d6851 elementor-section-boxed elementor-section-height-default elementor-section-height-default\" data-id=\"24d6851\" data-element_type=\"section\" data-e-type=\"section\">\n\t\t\t\t\t\t<div class=\"elementor-container elementor-column-gap-default\">\n\t\t\t\t\t<div class=\"elementor-column elementor-col-100 elementor-top-column elementor-element elementor-element-11e0060\" data-id=\"11e0060\" data-element_type=\"column\" data-e-type=\"column\">\n\t\t\t<div class=\"elementor-widget-wrap elementor-element-populated\">\n\t\t\t\t\t\t<div class=\"elementor-element elementor-element-0d19083 elementor-widget elementor-widget-heading\" data-id=\"0d19083\" data-element_type=\"widget\" data-e-type=\"widget\" data-widget_type=\"heading.default\">\n\t\t\t\t<div class=\"elementor-widget-container\">\n\t\t\t\t\t<h2 class=\"elementor-heading-title elementor-size-default\">Weitere Vereinss\u00e4ulen<\/h2>\t\t\t\t<\/div>\n\t\t\t\t<\/div>\n\t\t\t\t<div class=\"elementor-element elementor-element-e134d9a elementor-widget elementor-widget-spacer\" data-id=\"e134d9a\" data-element_type=\"widget\" data-e-type=\"widget\" data-widget_type=\"spacer.default\">\n\t\t\t\t<div class=\"elementor-widget-container\">\n\t\t\t\t\t\t\t<div class=\"elementor-spacer\">\n\t\t\t<div class=\"elementor-spacer-inner\"><\/div>\n\t\t<\/div>\n\t\t\t\t\t\t<\/div>\n\t\t\t\t<\/div>\n\t\t\t\t<div class=\"elementor-element elementor-element-98b9bd0 elementor-widget elementor-widget-image\" data-id=\"98b9bd0\" data-element_type=\"widget\" data-e-type=\"widget\" data-widget_type=\"image.default\">\n\t\t\t\t<div class=\"elementor-widget-container\">\n\t\t\t\t\t\t\t\t\t\t\t\t\t\t\t<img loading=\"lazy\" decoding=\"async\" width=\"200\" height=\"250\" src=\"https:\/\/www.miracle-hilfe.de\/wp-content\/uploads\/2023\/12\/Lorenz-e1702618016302.jpg\" class=\"attachment-large size-large wp-image-4715\" alt=\"\" \/>\t\t\t\t\t\t\t\t\t\t\t\t\t\t\t<\/div>\n\t\t\t\t<\/div>\n\t\t\t\t<div class=\"elementor-element elementor-element-ec58c91 elementor-widget elementor-widget-text-editor\" data-id=\"ec58c91\" data-element_type=\"widget\" data-e-type=\"widget\" data-widget_type=\"text-editor.default\">\n\t\t\t\t<div class=\"elementor-widget-container\">\n\t\t\t\t\t\t\t\t\t<div style=\"font-size: 17px;\"><p>Lorenz Haslsteiner, Aufgabenerlediger<\/p><p>&#8222;Jeder Mensch hat das Recht auf gute Bildung. Auch wenn wir vielleicht nicht allen Kindern und Jugendlichen in Nigeria oder gar der Welt erm\u00f6glichen k\u00f6nnen, dieses Recht wahrzunehmen, so k\u00f6nnen wir doch vielen hunderten dabei helfen sich zu bilden und sich damit ein besseres Leben zu erm\u00f6glichen, als sie es wohl ohne dieses Projekt h\u00e4tten. <br \/>Und das ist unsere Arbeit und M\u00fche allemal wert!&#8220;<\/p><\/div>\t\t\t\t\t\t\t\t<\/div>\n\t\t\t\t<\/div>\n\t\t\t\t\t<\/div>\n\t\t<\/div>\n\t\t\t\t\t<\/div>\n\t\t<\/section>\n\t\t\t\t<section class=\"elementor-section elementor-top-section elementor-element elementor-element-7ca8cde elementor-section-boxed elementor-section-height-default elementor-section-height-default\" data-id=\"7ca8cde\" data-element_type=\"section\" data-e-type=\"section\">\n\t\t\t\t\t\t<div class=\"elementor-container elementor-column-gap-default\">\n\t\t\t\t\t<div class=\"elementor-column elementor-col-100 elementor-top-column elementor-element elementor-element-83b238a\" data-id=\"83b238a\" data-element_type=\"column\" data-e-type=\"column\">\n\t\t\t<div class=\"elementor-widget-wrap elementor-element-populated\">\n\t\t\t\t\t\t<div class=\"elementor-element elementor-element-77e7345 elementor-widget elementor-widget-image\" data-id=\"77e7345\" data-element_type=\"widget\" data-e-type=\"widget\" data-widget_type=\"image.default\">\n\t\t\t\t<div class=\"elementor-widget-container\">\n\t\t\t\t\t\t\t\t\t\t\t\t\t\t\t<img loading=\"lazy\" decoding=\"async\" width=\"200\" height=\"250\" src=\"https:\/\/www.miracle-hilfe.de\/wp-content\/uploads\/2017\/02\/schubert.jpg\" class=\"attachment-large size-large wp-image-1495\" alt=\"\" \/>\t\t\t\t\t\t\t\t\t\t\t\t\t\t\t<\/div>\n\t\t\t\t<\/div>\n\t\t\t\t<div class=\"elementor-element elementor-element-6960581 elementor-widget elementor-widget-text-editor\" data-id=\"6960581\" data-element_type=\"widget\" data-e-type=\"widget\" data-widget_type=\"text-editor.default\">\n\t\t\t\t<div class=\"elementor-widget-container\">\n\t\t\t\t\t\t\t\t\t<div style=\"font-size:17px;\">Prof. Martin Schubert, <strong>Beratung und Moderation\u00a0<\/strong>\n<br>\nDozent an der Ostbayerischen Technischen Hochschule Regensburg\n<br><br>\n&#8222;Fortschritt f\u00fcr Afrika kann auf Dauer nur von Afrikanern geleistet werden. Miracle ist eine wunderbare Br\u00fccke zwischen den Kulturen, die Hilfe zur Selbsthilfe direkt ans Ziel f\u00fchrt.&#8220;\n<\/div>\t\t\t\t\t\t\t\t<\/div>\n\t\t\t\t<\/div>\n\t\t\t\t\t<\/div>\n\t\t<\/div>\n\t\t\t\t\t<\/div>\n\t\t<\/section>\n\t\t\t\t<\/div>\n\t\t","protected":false},"excerpt":{"rendered":"<p>Unser Team Der Vorstand setzt sich aus der 1. Vorsitzenden Miracle Amadi, dem 2. Vorsitzenden Claus Wotruba und dem Kassenwart Allan Bach\u00a0 zusammen. Kassenpr\u00fcfer ist Markus Bauer. Ein weiterer sehr wichtiger Unterst\u00fctzer und Berater ist Prof. Martin Schubert. Der ehrenamtlich arbeitende Vorstand trifft sich in der Regel alle zwei bis vier Wochen, um das Vorgehen [&hellip;]<\/p>\n","protected":false},"author":12,"featured_media":0,"parent":0,"menu_order":0,"comment_status":"closed","ping_status":"closed","template":"","meta":{"ocean_post_layout":"full-width","ocean_both_sidebars_style":"","ocean_both_sidebars_content_width":0,"ocean_both_sidebars_sidebars_width":0,"ocean_sidebar":"0","ocean_second_sidebar":"0","ocean_disable_margins":"enable","ocean_add_body_class":"","ocean_shortcode_before_top_bar":"","ocean_shortcode_after_top_bar":"","ocean_shortcode_before_header":"","ocean_shortcode_after_header":"","ocean_has_shortcode":"","ocean_shortcode_after_title":"","ocean_shortcode_before_footer_widgets":"","ocean_shortcode_after_footer_widgets":"","ocean_shortcode_before_footer_bottom":"","ocean_shortcode_after_footer_bottom":"","ocean_display_top_bar":"off","ocean_display_header":"on","ocean_header_style":"full_screen","ocean_center_header_left_menu":"0","ocean_custom_header_template":"0","ocean_custom_logo":0,"ocean_custom_retina_logo":0,"ocean_custom_logo_max_width":0,"ocean_custom_logo_tablet_max_width":0,"ocean_custom_logo_mobile_max_width":0,"ocean_custom_logo_max_height":0,"ocean_custom_logo_tablet_max_height":0,"ocean_custom_logo_mobile_max_height":0,"ocean_header_custom_menu":"0","ocean_menu_typo_font_family":"0","ocean_menu_typo_font_subset":"","ocean_menu_typo_font_size":0,"ocean_menu_typo_font_size_tablet":0,"ocean_menu_typo_font_size_mobile":0,"ocean_menu_typo_font_size_unit":"px","ocean_menu_typo_font_weight":"","ocean_menu_typo_font_weight_tablet":"","ocean_menu_typo_font_weight_mobile":"","ocean_menu_typo_transform":"","ocean_menu_typo_transform_tablet":"","ocean_menu_typo_transform_mobile":"","ocean_menu_typo_line_height":0,"ocean_menu_typo_line_height_tablet":0,"ocean_menu_typo_line_height_mobile":0,"ocean_menu_typo_line_height_unit":"","ocean_menu_typo_spacing":0,"ocean_menu_typo_spacing_tablet":0,"ocean_menu_typo_spacing_mobile":0,"ocean_menu_typo_spacing_unit":"","ocean_menu_link_color":"","ocean_menu_link_color_hover":"","ocean_menu_link_color_active":"","ocean_menu_link_background":"","ocean_menu_link_hover_background":"","ocean_menu_link_active_background":"","ocean_menu_social_links_bg":"","ocean_menu_social_hover_links_bg":"","ocean_menu_social_links_color":"","ocean_menu_social_hover_links_color":"","ocean_disable_title":"on","ocean_disable_heading":"default","ocean_post_title":"","ocean_post_subheading":"","ocean_post_title_style":"","ocean_post_title_background_color":"","ocean_post_title_background":0,"ocean_post_title_bg_image_position":"","ocean_post_title_bg_image_attachment":"","ocean_post_title_bg_image_repeat":"","ocean_post_title_bg_image_size":"","ocean_post_title_height":0,"ocean_post_title_bg_overlay":0.5,"ocean_post_title_bg_overlay_color":"","ocean_disable_breadcrumbs":"default","ocean_breadcrumbs_color":"","ocean_breadcrumbs_separator_color":"","ocean_breadcrumbs_links_color":"","ocean_breadcrumbs_links_hover_color":"","ocean_display_footer_widgets":"off","ocean_display_footer_bottom":"off","ocean_custom_footer_template":"0","footnotes":""},"class_list":["post-2721","page","type-page","status-publish","hentry","entry"],"_links":{"self":[{"href":"https:\/\/www.miracle-hilfe.de\/de\/wp-json\/wp\/v2\/pages\/2721","targetHints":{"allow":["GET"]}}],"collection":[{"href":"https:\/\/www.miracle-hilfe.de\/de\/wp-json\/wp\/v2\/pages"}],"about":[{"href":"https:\/\/www.miracle-hilfe.de\/de\/wp-json\/wp\/v2\/types\/page"}],"author":[{"embeddable":true,"href":"https:\/\/www.miracle-hilfe.de\/de\/wp-json\/wp\/v2\/users\/12"}],"replies":[{"embeddable":true,"href":"https:\/\/www.miracle-hilfe.de\/de\/wp-json\/wp\/v2\/comments?post=2721"}],"version-history":[{"count":15,"href":"https:\/\/www.miracle-hilfe.de\/de\/wp-json\/wp\/v2\/pages\/2721\/revisions"}],"predecessor-version":[{"id":5045,"href":"https:\/\/www.miracle-hilfe.de\/de\/wp-json\/wp\/v2\/pages\/2721\/revisions\/5045"}],"wp:attachment":[{"href":"https:\/\/www.miracle-hilfe.de\/de\/wp-json\/wp\/v2\/media?parent=2721"}],"curies":[{"name":"wp","href":"https:\/\/api.w.org\/{rel}","templated":true}]}}